{"id":6,"date":"2018-11-27T09:17:28","date_gmt":"2018-11-27T07:17:28","guid":{"rendered":"https:\/\/www.pupukahvila.fi\/services\/"},"modified":"2022-10-18T11:43:26","modified_gmt":"2022-10-18T08:43:26","slug":"saannot","status":"publish","type":"page","link":"https:\/\/www.pupukahvila.fi\/en\/saannot\/","title":{"rendered":"Rules"},"content":{"rendered":"<div data-elementor-type=\"wp-post\" data-elementor-id=\"6\" class=\"elementor elementor-6\" data-elementor-settings=\"[]\">\n\t\t\t\t\t\t\t<div class=\"elementor-section-wrap\">\n\t\t\t\t\t\t\t<section class=\"elementor-section elementor-top-section elementor-element elementor-element-571741c elementor-section-boxed elementor-section-height-default elementor-section-height-default\" data-id=\"571741c\" data-element_type=\"section\" data-settings=\"{&quot;background_background&quot;:&quot;classic&quot;,&quot;shape_divider_bottom&quot;:&quot;waves&quot;}\">\n\t\t\t\t\t\t\t<div class=\"elementor-background-overlay\"><\/div>\n\t\t\t\t\t\t<div class=\"elementor-shape elementor-shape-bottom\" data-negative=\"false\">\n\t\t\t<svg xmlns=\"http:\/\/www.w3.org\/2000\/svg\" viewbox=\"0 0 1000 100\" preserveaspectratio=\"none\">\n\t<path class=\"elementor-shape-fill\" d=\"M421.9,6.5c22.6-2.5,51.5,0.4,75.5,5.3c23.6,4.9,70.9,23.5,100.5,35.7c75.8,32.2,133.7,44.5,192.6,49.7\tc23.6,2.1,48.7,3.5,103.4-2.5c54.7-6,106.2-25.6,106.2-25.6V0H0v30.3c0,0,72,32.6,158.4,30.5c39.2-0.7,92.8-6.7,134-22.4\tc21.2-8.1,52.2-18.2,79.7-24.2C399.3,7.9,411.6,7.5,421.9,6.5z\"\/>\n<\/svg>\t\t<\/div>\n\t\t\t\t\t<div class=\"elementor-container elementor-column-gap-default\">\n\t\t\t\t\t<div class=\"elementor-column elementor-col-33 elementor-top-column elementor-element elementor-element-3bbed37b\" data-id=\"3bbed37b\" data-element_type=\"column\">\n\t\t\t<div class=\"elementor-widget-wrap\">\n\t\t\t\t\t\t\t\t\t<\/div>\n\t\t<\/div>\n\t\t\t\t<div class=\"elementor-column elementor-col-33 elementor-top-column elementor-element elementor-element-38695c5\" data-id=\"38695c5\" data-element_type=\"column\">\n\t\t\t<div class=\"elementor-widget-wrap elementor-element-populated\">\n\t\t\t\t\t\t\t\t<div class=\"elementor-element elementor-element-8f160f7 elementor-widget elementor-widget-heading\" data-id=\"8f160f7\" data-element_type=\"widget\" data-widget_type=\"heading.default\">\n\t\t\t\t<div class=\"elementor-widget-container\">\n\t\t\t<style>\/*! elementor - v3.5.3 - 28-12-2021 *\/\n.elementor-heading-title{padding:0;margin:0;line-height:1}.elementor-widget-heading .elementor-heading-title[class*=elementor-size-]>a{color:inherit;font-size:inherit;line-height:inherit}.elementor-widget-heading .elementor-heading-title.elementor-size-small{font-size:15px}.elementor-widget-heading .elementor-heading-title.elementor-size-medium{font-size:19px}.elementor-widget-heading .elementor-heading-title.elementor-size-large{font-size:29px}.elementor-widget-heading .elementor-heading-title.elementor-size-xl{font-size:39px}.elementor-widget-heading .elementor-heading-title.elementor-size-xxl{font-size:59px}<\/style><h1 class=\"elementor-heading-title elementor-size-default\">Rules<\/h1>\t\t<\/div>\n\t\t\t\t<\/div>\n\t\t\t\t\t<\/div>\n\t\t<\/div>\n\t\t\t\t<div class=\"elementor-column elementor-col-33 elementor-top-column elementor-element elementor-element-557cea64\" data-id=\"557cea64\" data-element_type=\"column\">\n\t\t\t<div class=\"elementor-widget-wrap\">\n\t\t\t\t\t\t\t\t\t<\/div>\n\t\t<\/div>\n\t\t\t\t\t\t\t<\/div>\n\t\t<\/section>\n\t\t\t\t<section class=\"elementor-section elementor-top-section elementor-element elementor-element-2e18c286 elementor-section-boxed elementor-section-height-default elementor-section-height-default\" data-id=\"2e18c286\" data-element_type=\"section\">\n\t\t\t\t\t\t<div class=\"elementor-container elementor-column-gap-default\">\n\t\t\t\t\t<div class=\"elementor-column elementor-col-100 elementor-top-column elementor-element elementor-element-20bd4337\" data-id=\"20bd4337\" data-element_type=\"column\">\n\t\t\t<div class=\"elementor-widget-wrap elementor-element-populated\">\n\t\t\t\t\t\t\t\t<div class=\"elementor-element elementor-element-204ec793 elementor-widget elementor-widget-text-editor\" data-id=\"204ec793\" data-element_type=\"widget\" data-widget_type=\"text-editor.default\">\n\t\t\t\t<div class=\"elementor-widget-container\">\n\t\t\t<style>\/*! elementor - v3.5.3 - 28-12-2021 *\/\n.elementor-widget-text-editor.elementor-drop-cap-view-stacked .elementor-drop-cap{background-color:#818a91;color:#fff}.elementor-widget-text-editor.elementor-drop-cap-view-framed .elementor-drop-cap{color:#818a91;border:3px solid;background-color:transparent}.elementor-widget-text-editor:not(.elementor-drop-cap-view-default) .elementor-drop-cap{margin-top:8px}.elementor-widget-text-editor:not(.elementor-drop-cap-view-default) .elementor-drop-cap-letter{width:1em;height:1em}.elementor-widget-text-editor .elementor-drop-cap{float:left;text-align:center;line-height:1;font-size:50px}.elementor-widget-text-editor .elementor-drop-cap-letter{display:inline-block}<\/style>\t\t\t\t<p>Haluamme varmistaa sujuvan kohtaamisen pupujemme kanssa. T\u00e4m\u00e4n vuoksi olemme laatineet s\u00e4\u00e4nn\u00f6t vierailua varten. <span style=\"font-style: inherit; font-weight: inherit; background-color: rgba(255, 255, 255, 0);\">Astumalla pupuhuoneeseen hyv\u00e4ksyt n\u00e4m\u00e4 s\u00e4\u00e4nn\u00f6t. Luethan s\u00e4\u00e4nn\u00f6t huolella.<\/span><\/p>\t\t\t\t\t\t<\/div>\n\t\t\t\t<\/div>\n\t\t\t\t\t<\/div>\n\t\t<\/div>\n\t\t\t\t\t\t\t<\/div>\n\t\t<\/section>\n\t\t\t\t<section class=\"elementor-section elementor-top-section elementor-element elementor-element-6f5151be elementor-section-boxed elementor-section-height-default elementor-section-height-default\" data-id=\"6f5151be\" data-element_type=\"section\">\n\t\t\t\t\t\t<div class=\"elementor-container elementor-column-gap-default\">\n\t\t\t\t\t<div class=\"elementor-column elementor-col-100 elementor-top-column elementor-element elementor-element-2888e80a\" data-id=\"2888e80a\" data-element_type=\"column\">\n\t\t\t<div class=\"elementor-widget-wrap elementor-element-populated\">\n\t\t\t\t\t\t\t\t<div class=\"elementor-element elementor-element-b03ec66 elementor-widget elementor-widget-heading\" data-id=\"b03ec66\" data-element_type=\"widget\" data-widget_type=\"heading.default\">\n\t\t\t\t<div class=\"elementor-widget-container\">\n\t\t\t<h2 class=\"elementor-heading-title elementor-size-default\">The Rules of Bunny Therapy<\/h2>\t\t<\/div>\n\t\t\t\t<\/div>\n\t\t\t\t<div class=\"elementor-element elementor-element-772d92c8 elementor-widget-divider--view-line elementor-widget elementor-widget-divider\" data-id=\"772d92c8\" data-element_type=\"widget\" data-widget_type=\"divider.default\">\n\t\t\t\t<div class=\"elementor-widget-container\">\n\t\t\t<style>\/*! elementor - v3.5.3 - 28-12-2021 *\/\n.elementor-widget-divider{--divider-border-style:none;--divider-border-width:1px;--divider-color:#2c2c2c;--divider-icon-size:20px;--divider-element-spacing:10px;--divider-pattern-height:24px;--divider-pattern-size:20px;--divider-pattern-url:none;--divider-pattern-repeat:repeat-x}.elementor-widget-divider .elementor-divider{display:-webkit-box;display:-ms-flexbox;display:flex}.elementor-widget-divider .elementor-divider__text{font-size:15px;line-height:1;max-width:95%}.elementor-widget-divider .elementor-divider__element{margin:0 var(--divider-element-spacing);-ms-flex-negative:0;flex-shrink:0}.elementor-widget-divider .elementor-icon{font-size:var(--divider-icon-size)}.elementor-widget-divider .elementor-divider-separator{display:-webkit-box;display:-ms-flexbox;display:flex;margin:0;direction:ltr}.elementor-widget-divider--view-line_icon .elementor-divider-separator,.elementor-widget-divider--view-line_text .elementor-divider-separator{-webkit-box-align:center;-ms-flex-align:center;align-items:center}.elementor-widget-divider--view-line_icon .elementor-divider-separator:after,.elementor-widget-divider--view-line_icon .elementor-divider-separator:before,.elementor-widget-divider--view-line_text .elementor-divider-separator:after,.elementor-widget-divider--view-line_text .elementor-divider-separator:before{display:block;content:\"\";border-bottom:0;-webkit-box-flex:1;-ms-flex-positive:1;flex-grow:1;border-top:var(--divider-border-width) var(--divider-border-style) var(--divider-color)}.elementor-widget-divider--element-align-left .elementor-divider .elementor-divider-separator>.elementor-divider__svg:first-of-type{-webkit-box-flex:0;-ms-flex-positive:0;flex-grow:0;-ms-flex-negative:100;flex-shrink:100}.elementor-widget-divider--element-align-left .elementor-divider-separator:before{content:none}.elementor-widget-divider--element-align-left .elementor-divider__element{margin-left:0}.elementor-widget-divider--element-align-right .elementor-divider .elementor-divider-separator>.elementor-divider__svg:last-of-type{-webkit-box-flex:0;-ms-flex-positive:0;flex-grow:0;-ms-flex-negative:100;flex-shrink:100}.elementor-widget-divider--element-align-right .elementor-divider-separator:after{content:none}.elementor-widget-divider--element-align-right .elementor-divider__element{margin-right:0}.elementor-widget-divider:not(.elementor-widget-divider--view-line_text):not(.elementor-widget-divider--view-line_icon) .elementor-divider-separator{border-top:var(--divider-border-width) var(--divider-border-style) var(--divider-color)}.elementor-widget-divider--separator-type-pattern{--divider-border-style:none}.elementor-widget-divider--separator-type-pattern.elementor-widget-divider--view-line .elementor-divider-separator,.elementor-widget-divider--separator-type-pattern:not(.elementor-widget-divider--view-line) .elementor-divider-separator:after,.elementor-widget-divider--separator-type-pattern:not(.elementor-widget-divider--view-line) .elementor-divider-separator:before,.elementor-widget-divider--separator-type-pattern:not([class*=elementor-widget-divider--view]) .elementor-divider-separator{width:100%;min-height:var(--divider-pattern-height);-webkit-mask-size:var(--divider-pattern-size) 100%;mask-size:var(--divider-pattern-size) 100%;-webkit-mask-repeat:var(--divider-pattern-repeat);mask-repeat:var(--divider-pattern-repeat);background-color:var(--divider-color);-webkit-mask-image:var(--divider-pattern-url);mask-image:var(--divider-pattern-url)}.elementor-widget-divider--no-spacing{--divider-pattern-size:auto}.elementor-widget-divider--bg-round{--divider-pattern-repeat:round}.rtl .elementor-widget-divider .elementor-divider__text{direction:rtl}<\/style>\t\t<div class=\"elementor-divider\">\n\t\t\t<span class=\"elementor-divider-separator\">\n\t\t\t\t\t\t<\/span>\n\t\t<\/div>\n\t\t\t\t<\/div>\n\t\t\t\t<\/div>\n\t\t\t\t\t<\/div>\n\t\t<\/div>\n\t\t\t\t\t\t\t<\/div>\n\t\t<\/section>\n\t\t\t\t<section class=\"elementor-section elementor-top-section elementor-element elementor-element-76495fc1 elementor-section-boxed elementor-section-height-default elementor-section-height-default\" data-id=\"76495fc1\" data-element_type=\"section\" data-settings=\"{&quot;background_background&quot;:&quot;gradient&quot;,&quot;shape_divider_top&quot;:&quot;waves&quot;}\">\n\t\t\t\t\t<div class=\"elementor-shape elementor-shape-top\" data-negative=\"false\">\n\t\t\t<svg xmlns=\"http:\/\/www.w3.org\/2000\/svg\" viewbox=\"0 0 1000 100\" preserveaspectratio=\"none\">\n\t<path class=\"elementor-shape-fill\" d=\"M421.9,6.5c22.6-2.5,51.5,0.4,75.5,5.3c23.6,4.9,70.9,23.5,100.5,35.7c75.8,32.2,133.7,44.5,192.6,49.7\tc23.6,2.1,48.7,3.5,103.4-2.5c54.7-6,106.2-25.6,106.2-25.6V0H0v30.3c0,0,72,32.6,158.4,30.5c39.2-0.7,92.8-6.7,134-22.4\tc21.2-8.1,52.2-18.2,79.7-24.2C399.3,7.9,411.6,7.5,421.9,6.5z\"\/>\n<\/svg>\t\t<\/div>\n\t\t\t\t\t<div class=\"elementor-container elementor-column-gap-default\">\n\t\t\t\t\t<div class=\"elementor-column elementor-col-50 elementor-top-column elementor-element elementor-element-3fe507b7\" data-id=\"3fe507b7\" data-element_type=\"column\">\n\t\t\t<div class=\"elementor-widget-wrap elementor-element-populated\">\n\t\t\t\t\t\t\t\t<div class=\"elementor-element elementor-element-7bf91790 elementor-widget elementor-widget-text-editor\" data-id=\"7bf91790\" data-element_type=\"widget\" data-widget_type=\"text-editor.default\">\n\t\t\t\t<div class=\"elementor-widget-container\">\n\t\t\t\t\t\t\t<ul><li><p>Puputerapiahuone on k\u00e4yt\u00f6ss\u00e4 vain maksaville asiakkaillemme.<\/p><\/li><li><p>MAX 5 henkil\u00f6\u00e4 kerralla aitauksessa. Alle 14-vuotiaat VAIN aikuisen kanssa. <br \/>EI POIKKEUKSIA<\/p><\/li><li><p>Huoneeseen menn\u00e4\u00e4n ilman kenki\u00e4. Keng\u00e4t j\u00e4tet\u00e4\u00e4n ulkopuolelle olevaan kenk\u00e4kaappiin<\/p><\/li><li><p>Pupuille oma rauhoitettu alue noin 1 metri takasein\u00e4st\u00e4, jonne asiakkailla ei ole mit\u00e4\u00e4n asiaa! T\u00e4m\u00e4 koskee my\u00f6s k\u00e4si\u00e4<\/p><\/li><li><p>Pupuja ei saa ottaa kiinni tai jahdata. Puput saavat tulla ITSE syliin jos haluavat<\/p><\/li><li><p>Ei saa huutaa tai kiljua<\/p><\/li><\/ul>\t\t\t\t\t\t<\/div>\n\t\t\t\t<\/div>\n\t\t\t\t\t<\/div>\n\t\t<\/div>\n\t\t\t\t<div class=\"elementor-column elementor-col-50 elementor-top-column elementor-element elementor-element-5d6597e4\" data-id=\"5d6597e4\" data-element_type=\"column\">\n\t\t\t<div class=\"elementor-widget-wrap elementor-element-populated\">\n\t\t\t\t\t\t\t\t<div class=\"elementor-element elementor-element-2c7c00ba elementor-widget elementor-widget-text-editor\" data-id=\"2c7c00ba\" data-element_type=\"widget\" data-widget_type=\"text-editor.default\">\n\t\t\t\t<div class=\"elementor-widget-container\">\n\t\t\t\t\t\t\t<ul><li><p>Pupuille saa antaa vain niille tarkoitettuja herkkuja, jotka kuuluu hintaan<\/p><\/li><li><p>If you notice something is wrong with a bunny, please inform the staff immediately<\/p><\/li><li><p>Tilaa valvotaan mm. valvontakameran kautta<\/p><\/li><li><p>Staff have to right to remove customers who have violated the rules at any moment without notice<\/p><\/li><li><p>We are not responsible for any mess or damage caused by bunnies, such as pee or bite marks on e.g. clothes, bags or fingers<\/p><\/li><\/ul>\t\t\t\t\t\t<\/div>\n\t\t\t\t<\/div>\n\t\t\t\t\t<\/div>\n\t\t<\/div>\n\t\t\t\t\t\t\t<\/div>\n\t\t<\/section>\n\t\t\t\t<section class=\"elementor-section elementor-top-section elementor-element elementor-element-23d35da8 elementor-section-boxed elementor-section-height-default elementor-section-height-default\" data-id=\"23d35da8\" data-element_type=\"section\">\n\t\t\t\t\t\t<div class=\"elementor-container elementor-column-gap-default\">\n\t\t\t\t\t<div class=\"elementor-column elementor-col-100 elementor-top-column elementor-element elementor-element-1ede9dc4\" data-id=\"1ede9dc4\" data-element_type=\"column\">\n\t\t\t<div class=\"elementor-widget-wrap elementor-element-populated\">\n\t\t\t\t\t\t\t\t<div class=\"elementor-element elementor-element-78c3ff27 elementor-widget elementor-widget-text-editor\" data-id=\"78c3ff27\" data-element_type=\"widget\" data-widget_type=\"text-editor.default\">\n\t\t\t\t<div class=\"elementor-widget-container\">\n\t\t\t\t\t\t\t<h3>Thank you for following our rules!<\/h3>\t\t\t\t\t\t<\/div>\n\t\t\t\t<\/div>\n\t\t\t\t\t<\/div>\n\t\t<\/div>\n\t\t\t\t\t\t\t<\/div>\n\t\t<\/section>\n\t\t\t\t\t\t<\/div>\n\t\t\t\t\t<\/div>","protected":false},"excerpt":{"rendered":"<p>S\u00e4\u00e4nn\u00f6t Haluamme varmistaa sujuvan kohtaamisen pupujemme kanssa. T\u00e4m\u00e4n vuoksi olemme laatineet s\u00e4\u00e4nn\u00f6t vierailua varten. Astumalla pupuhuoneeseen hyv\u00e4ksyt n\u00e4m\u00e4 s\u00e4\u00e4nn\u00f6t. Luethan s\u00e4\u00e4nn\u00f6t huolella. Puputerapian S\u00e4\u00e4nn\u00f6t Puputerapiahuone on k\u00e4yt\u00f6ss\u00e4 vain maksaville asiakkaillemme. MAX 5 henkil\u00f6\u00e4 kerralla aitauksessa. Alle 14-vuotiaat VAIN aikuisen kanssa. EI POIKKEUKSIA Huoneeseen menn\u00e4\u00e4n ilman kenki\u00e4. Keng\u00e4t j\u00e4tet\u00e4\u00e4n ulkopuolelle olevaan kenk\u00e4kaappiin Pupuille oma rauhoitettu alue &hellip;<\/p>\n<p class=\"read-more\"> <a class=\"\" href=\"https:\/\/www.pupukahvila.fi\/en\/saannot\/\"> <span class=\"screen-reader-text\">Rules<\/span> Read More &raquo;<\/a><\/p>","protected":false},"author":5,"featured_media":0,"parent":0,"menu_order":0,"comment_status":"closed","ping_status":"closed","template":"","meta":{"site-sidebar-layout":"no-sidebar","site-content-layout":"page-builder","ast-main-header-display":"","ast-hfb-above-header-display":"","ast-hfb-below-header-display":"","ast-hfb-mobile-header-display":"","site-post-title":"disabled","ast-breadcrumbs-content":"","ast-featured-img":"disabled","footer-sml-layout":"","theme-transparent-header-meta":"enabled","adv-header-id-meta":"","stick-header-meta":"","header-above-stick-meta":"","header-main-stick-meta":"","header-below-stick-meta":""},"yoast_head":"<!-- This site is optimized with the Yoast SEO plugin v17.9 - https:\/\/yoast.com\/wordpress\/plugins\/seo\/ -->\n<title>Pupukahvila \u2013 S\u00e4\u00e4nn\u00f6t<\/title>\n<meta name=\"description\" content=\"Haluamme varmistaa sujuvan kohtaamisen pupujemme kanssa. T\u00e4m\u00e4n vuoksi olemme laatineet s\u00e4\u00e4nn\u00f6t pupuaitauksissa vierailua varten.\" \/>\n<meta name=\"robots\" content=\"index, follow, max-snippet:-1, max-image-preview:large, max-video-preview:-1\" \/>\n<link rel=\"canonical\" href=\"https:\/\/www.pupukahvila.fi\/en\/saannot\/\" \/>\n<meta property=\"og:locale\" content=\"en_US\" \/>\n<meta property=\"og:type\" content=\"article\" \/>\n<meta property=\"og:title\" content=\"Pupukahvila \u2013 S\u00e4\u00e4nn\u00f6t\" \/>\n<meta property=\"og:description\" content=\"Haluamme varmistaa sujuvan kohtaamisen pupujemme kanssa. T\u00e4m\u00e4n vuoksi olemme laatineet s\u00e4\u00e4nn\u00f6t pupuaitauksissa vierailua varten.\" \/>\n<meta property=\"og:url\" content=\"https:\/\/www.pupukahvila.fi\/en\/saannot\/\" \/>\n<meta property=\"og:site_name\" content=\"Pupukahvila \/ Bunny Caf\u00e9\" \/>\n<meta property=\"article:publisher\" content=\"https:\/\/www.facebook.com\/3DCrushCafe\" \/>\n<meta property=\"article:modified_time\" content=\"2022-10-18T08:43:26+00:00\" \/>\n<meta property=\"og:image\" content=\"https:\/\/www.pupukahvila.fi\/wp-content\/uploads\/2021\/11\/puput-t4.jpg\" \/>\n\t<meta property=\"og:image:width\" content=\"2560\" \/>\n\t<meta property=\"og:image:height\" content=\"1244\" \/>\n\t<meta property=\"og:image:type\" content=\"image\/jpeg\" \/>\n<meta name=\"twitter:card\" content=\"summary_large_image\" \/>\n<meta name=\"twitter:title\" content=\"Pupukahvila \u2013 S\u00e4\u00e4nn\u00f6t\" \/>\n<meta name=\"twitter:description\" content=\"Haluamme varmistaa sujuvan kohtaamisen pupujemme kanssa. T\u00e4m\u00e4n vuoksi olemme laatineet s\u00e4\u00e4nn\u00f6t pupuaitauksissa vierailua varten.\" \/>\n<meta name=\"twitter:image\" content=\"https:\/\/www.pupukahvila.fi\/wp-content\/uploads\/2021\/11\/puput-t4.jpg\" \/>\n<meta name=\"twitter:site\" content=\"@3DCrush\" \/>\n<meta name=\"twitter:label1\" content=\"Est. reading time\" \/>\n\t<meta name=\"twitter:data1\" content=\"1 minute\" \/>\n<script type=\"application\/ld+json\" class=\"yoast-schema-graph\">{\"@context\":\"https:\/\/schema.org\",\"@graph\":[{\"@type\":\"Organization\",\"@id\":\"https:\/\/www.pupukahvila.fi\/#organization\",\"name\":\"Pupukahvila\",\"url\":\"https:\/\/www.pupukahvila.fi\/\",\"sameAs\":[\"https:\/\/www.facebook.com\/3DCrushCafe\",\"https:\/\/www.instagram.com\/3dcrush\/\",\"https:\/\/twitter.com\/3DCrush\"],\"logo\":{\"@type\":\"ImageObject\",\"@id\":\"https:\/\/www.pupukahvila.fi\/#logo\",\"inLanguage\":\"en-US\",\"url\":\"https:\/\/www.pupukahvila.fi\/wp-content\/uploads\/2021\/11\/logo-3.jpg\",\"contentUrl\":\"https:\/\/www.pupukahvila.fi\/wp-content\/uploads\/2021\/11\/logo-3.jpg\",\"width\":1038,\"height\":728,\"caption\":\"Pupukahvila\"},\"image\":{\"@id\":\"https:\/\/www.pupukahvila.fi\/#logo\"}},{\"@type\":\"WebSite\",\"@id\":\"https:\/\/www.pupukahvila.fi\/#website\",\"url\":\"https:\/\/www.pupukahvila.fi\/\",\"name\":\"Pupukahvila \/ Bunny Caf\\u00e9\",\"description\":\"Suomen ensimm\\u00e4inen pupukahvila\",\"publisher\":{\"@id\":\"https:\/\/www.pupukahvila.fi\/#organization\"},\"potentialAction\":[{\"@type\":\"SearchAction\",\"target\":{\"@type\":\"EntryPoint\",\"urlTemplate\":\"https:\/\/www.pupukahvila.fi\/?s={search_term_string}\"},\"query-input\":\"required name=search_term_string\"}],\"inLanguage\":\"en-US\"},{\"@type\":\"ImageObject\",\"@id\":\"https:\/\/www.pupukahvila.fi\/saannot\/#primaryimage\",\"inLanguage\":\"en-US\",\"url\":\"https:\/\/www.pupukahvila.fi\/wp-content\/uploads\/2021\/11\/puput-t4.jpg\",\"contentUrl\":\"https:\/\/www.pupukahvila.fi\/wp-content\/uploads\/2021\/11\/puput-t4.jpg\",\"width\":2560,\"height\":1244,\"caption\":\"Pupukahvilan puput\"},{\"@type\":\"WebPage\",\"@id\":\"https:\/\/www.pupukahvila.fi\/saannot\/#webpage\",\"url\":\"https:\/\/www.pupukahvila.fi\/saannot\/\",\"name\":\"Pupukahvila \\u2013 S\\u00e4\\u00e4nn\\u00f6t\",\"isPartOf\":{\"@id\":\"https:\/\/www.pupukahvila.fi\/#website\"},\"datePublished\":\"2018-11-27T07:17:28+00:00\",\"dateModified\":\"2022-10-18T08:43:26+00:00\",\"description\":\"Haluamme varmistaa sujuvan kohtaamisen pupujemme kanssa. T\\u00e4m\\u00e4n vuoksi olemme laatineet s\\u00e4\\u00e4nn\\u00f6t pupuaitauksissa vierailua varten.\",\"breadcrumb\":{\"@id\":\"https:\/\/www.pupukahvila.fi\/saannot\/#breadcrumb\"},\"inLanguage\":\"en-US\",\"potentialAction\":[{\"@type\":\"ReadAction\",\"target\":[\"https:\/\/www.pupukahvila.fi\/saannot\/\"]}]},{\"@type\":\"BreadcrumbList\",\"@id\":\"https:\/\/www.pupukahvila.fi\/saannot\/#breadcrumb\",\"itemListElement\":[{\"@type\":\"ListItem\",\"position\":1,\"name\":\"Etusivu\",\"item\":\"https:\/\/www.pupukahvila.fi\/\"},{\"@type\":\"ListItem\",\"position\":2,\"name\":\"S\\u00e4\\u00e4nn\\u00f6t\"}]}]}<\/script>\n<!-- \/ Yoast SEO plugin. -->","yoast_head_json":{"title":"Pupukahvila \u2013 S\u00e4\u00e4nn\u00f6t","description":"Haluamme varmistaa sujuvan kohtaamisen pupujemme kanssa. T\u00e4m\u00e4n vuoksi olemme laatineet s\u00e4\u00e4nn\u00f6t pupuaitauksissa vierailua varten.","robots":{"index":"index","follow":"follow","max-snippet":"max-snippet:-1","max-image-preview":"max-image-preview:large","max-video-preview":"max-video-preview:-1"},"canonical":"https:\/\/www.pupukahvila.fi\/en\/saannot\/","og_locale":"en_US","og_type":"article","og_title":"Pupukahvila \u2013 S\u00e4\u00e4nn\u00f6t","og_description":"Haluamme varmistaa sujuvan kohtaamisen pupujemme kanssa. T\u00e4m\u00e4n vuoksi olemme laatineet s\u00e4\u00e4nn\u00f6t pupuaitauksissa vierailua varten.","og_url":"https:\/\/www.pupukahvila.fi\/en\/saannot\/","og_site_name":"Pupukahvila \/ Bunny Caf\u00e9","article_publisher":"https:\/\/www.facebook.com\/3DCrushCafe","article_modified_time":"2022-10-18T08:43:26+00:00","og_image":[{"width":2560,"height":1244,"url":"https:\/\/www.pupukahvila.fi\/wp-content\/uploads\/2021\/11\/puput-t4.jpg","type":"image\/jpeg"}],"twitter_card":"summary_large_image","twitter_title":"Pupukahvila \u2013 S\u00e4\u00e4nn\u00f6t","twitter_description":"Haluamme varmistaa sujuvan kohtaamisen pupujemme kanssa. T\u00e4m\u00e4n vuoksi olemme laatineet s\u00e4\u00e4nn\u00f6t pupuaitauksissa vierailua varten.","twitter_image":"https:\/\/www.pupukahvila.fi\/wp-content\/uploads\/2021\/11\/puput-t4.jpg","twitter_site":"@3DCrush","twitter_misc":{"Est. reading time":"1 minute"},"schema":{"@context":"https:\/\/schema.org","@graph":[{"@type":"Organization","@id":"https:\/\/www.pupukahvila.fi\/#organization","name":"Pupukahvila","url":"https:\/\/www.pupukahvila.fi\/","sameAs":["https:\/\/www.facebook.com\/3DCrushCafe","https:\/\/www.instagram.com\/3dcrush\/","https:\/\/twitter.com\/3DCrush"],"logo":{"@type":"ImageObject","@id":"https:\/\/www.pupukahvila.fi\/#logo","inLanguage":"en-US","url":"https:\/\/www.pupukahvila.fi\/wp-content\/uploads\/2021\/11\/logo-3.jpg","contentUrl":"https:\/\/www.pupukahvila.fi\/wp-content\/uploads\/2021\/11\/logo-3.jpg","width":1038,"height":728,"caption":"Pupukahvila"},"image":{"@id":"https:\/\/www.pupukahvila.fi\/#logo"}},{"@type":"WebSite","@id":"https:\/\/www.pupukahvila.fi\/#website","url":"https:\/\/www.pupukahvila.fi\/","name":"Pupukahvila \/ Bunny Caf\u00e9","description":"Suomen ensimm\u00e4inen pupukahvila","publisher":{"@id":"https:\/\/www.pupukahvila.fi\/#organization"},"potentialAction":[{"@type":"SearchAction","target":{"@type":"EntryPoint","urlTemplate":"https:\/\/www.pupukahvila.fi\/?s={search_term_string}"},"query-input":"required name=search_term_string"}],"inLanguage":"en-US"},{"@type":"ImageObject","@id":"https:\/\/www.pupukahvila.fi\/saannot\/#primaryimage","inLanguage":"en-US","url":"https:\/\/www.pupukahvila.fi\/wp-content\/uploads\/2021\/11\/puput-t4.jpg","contentUrl":"https:\/\/www.pupukahvila.fi\/wp-content\/uploads\/2021\/11\/puput-t4.jpg","width":2560,"height":1244,"caption":"Pupukahvilan puput"},{"@type":"WebPage","@id":"https:\/\/www.pupukahvila.fi\/saannot\/#webpage","url":"https:\/\/www.pupukahvila.fi\/saannot\/","name":"Pupukahvila \u2013 S\u00e4\u00e4nn\u00f6t","isPartOf":{"@id":"https:\/\/www.pupukahvila.fi\/#website"},"datePublished":"2018-11-27T07:17:28+00:00","dateModified":"2022-10-18T08:43:26+00:00","description":"Haluamme varmistaa sujuvan kohtaamisen pupujemme kanssa. T\u00e4m\u00e4n vuoksi olemme laatineet s\u00e4\u00e4nn\u00f6t pupuaitauksissa vierailua varten.","breadcrumb":{"@id":"https:\/\/www.pupukahvila.fi\/saannot\/#breadcrumb"},"inLanguage":"en-US","potentialAction":[{"@type":"ReadAction","target":["https:\/\/www.pupukahvila.fi\/saannot\/"]}]},{"@type":"BreadcrumbList","@id":"https:\/\/www.pupukahvila.fi\/saannot\/#breadcrumb","itemListElement":[{"@type":"ListItem","position":1,"name":"Etusivu","item":"https:\/\/www.pupukahvila.fi\/"},{"@type":"ListItem","position":2,"name":"S\u00e4\u00e4nn\u00f6t"}]}]}},"_links":{"self":[{"href":"https:\/\/www.pupukahvila.fi\/en\/wp-json\/wp\/v2\/pages\/6"}],"collection":[{"href":"https:\/\/www.pupukahvila.fi\/en\/wp-json\/wp\/v2\/pages"}],"about":[{"href":"https:\/\/www.pupukahvila.fi\/en\/wp-json\/wp\/v2\/types\/page"}],"author":[{"embeddable":true,"href":"https:\/\/www.pupukahvila.fi\/en\/wp-json\/wp\/v2\/users\/5"}],"replies":[{"embeddable":true,"href":"https:\/\/www.pupukahvila.fi\/en\/wp-json\/wp\/v2\/comments?post=6"}],"version-history":[{"count":74,"href":"https:\/\/www.pupukahvila.fi\/en\/wp-json\/wp\/v2\/pages\/6\/revisions"}],"predecessor-version":[{"id":2087,"href":"https:\/\/www.pupukahvila.fi\/en\/wp-json\/wp\/v2\/pages\/6\/revisions\/2087"}],"wp:attachment":[{"href":"https:\/\/www.pupukahvila.fi\/en\/wp-json\/wp\/v2\/media?parent=6"}],"curies":[{"name":"wp","href":"https:\/\/api.w.org\/{rel}","templated":true}]}}